{"id":1880,"date":"2018-04-12T14:08:09","date_gmt":"2018-04-12T13:08:09","guid":{"rendered":"https:\/\/flowtecmig.wpengine.com\/begleiten-sie-uns\/"},"modified":"2021-11-17T16:29:24","modified_gmt":"2021-11-17T16:29:24","slug":"begleiten-sie-uns","status":"publish","type":"page","link":"https:\/\/flowtec-biotech.com\/de\/begleiten-sie-uns\/","title":{"rendered":"Werde ein Teil von Uns"},"content":{"rendered":"<p>[et_pb_section fb_built=&#8220;1&#8243; next_background_color=&#8220;#ffffff&#8220; _builder_version=&#8220;3.22&#8243; background_color=&#8220;#4691d3&#8243; background_image=&#8220;https:\/\/flowtecmig.wpengine.com\/wp-content\/uploads\/2018\/04\/join-us.jpg&#8220; background_blend=&#8220;multiply&#8220; bottom_divider_style=&#8220;slant2&#8243; bottom_divider_height=&#8220;50px&#8220;][et_pb_row _builder_version=&#8220;3.25&#8243; background_size=&#8220;initial&#8220; background_position=&#8220;top_left&#8220; background_repeat=&#8220;repeat&#8220; custom_margin=&#8220;68px||68px|&#8220; custom_margin_tablet=&#8220;&#8220; custom_margin_phone=&#8220;&#8220; custom_margin_last_edited=&#8220;on|phone&#8220; custom_padding=&#8220;|||&#8220;][et_pb_column type=&#8220;4_4&#8243; _builder_version=&#8220;3.25&#8243; custom_padding=&#8220;|||&#8220; custom_padding__hover=&#8220;|||&#8220;][et_pb_text _builder_version=&#8220;3.27.4&#8243; text_font=&#8220;||||||||&#8220; header_font=&#8220;||||||||&#8220; header_font_size=&#8220;50px&#8220; text_orientation=&#8220;center&#8220; background_layout=&#8220;dark&#8220; header_font_size_tablet=&#8220;35px&#8220; header_font_size_phone=&#8220;35px&#8220; header_font_size_last_edited=&#8220;on|phone&#8220;]<\/p>\n<h1>Werde ein Teil von Flowtec<\/h1>\n<p>[\/et_pb_text][\/et_pb_column][\/et_pb_row][\/et_pb_section][et_pb_section fb_built=&#8220;1&#8243; _builder_version=&#8220;3.22&#8243;][et_pb_row _builder_version=&#8220;3.25&#8243;][et_pb_column type=&#8220;4_4&#8243; _builder_version=&#8220;3.25&#8243; custom_padding=&#8220;|||&#8220; custom_padding__hover=&#8220;|||&#8220;][et_pb_text _builder_version=&#8220;4.9.4&#8243;]Die Rekrutierung ist einer der am schnellsten wachsenden Dienstleistungssektoren weltweit. Es bietet eine aufregende, rasante und wettbewerbsintensive Karriere, in der keine zwei Tage gleich sein werden.<\/p>\n<p>Als Personalberater fungieren Sie als wesentliches Bindeglied zwischen Kandidaten und Kunden, bieten beratende Beratung zur Einstellungsstrategie und verwalten den komplexen Interviewprozess. Ein gro\u00dfartiger Berater baut langj\u00e4hrige Beziehungen zu Kunden auf und gibt vertrauensw\u00fcrdige Ratschl\u00e4ge, wie Sie die besten Talente der Branche gewinnen und halten k\u00f6nnen. Sie erreichen dies, indem Sie Ihre Kunden, die erforderlichen technischen F\u00e4higkeiten sowie die kulturelle Passform und Atmosph\u00e4re des Arbeitsplatzes kennenlernen.<\/p>\n<p>Vertrauen ist ein wichtiges Attribut f\u00fcr einen Personalberater, und die Zufriedenheit, die durch die Vermittlung der richtigen Kandidaten mit dem richtigen Job erzielt wird, ist ein wesentlicher Motivator f\u00fcr den Erfolg.<\/p>\n<p>Eine Karriere in der Rekrutierung bietet hervorragende Aufstiegschancen. Im Allgemeinen werden Sie als Trainee-Berater oder -Resourcer mit wenig oder keiner Erfahrung und Fortschritten in die Branche eintreten, so schnell es Ihre F\u00e4higkeit erlaubt, eine vollwertige Beraterposition zu erreichen.<\/p>\n<p>Flowtec ist ein Experte auf dem Gebiet der Personal- und IT-Rekrutierung. Als Spezialist auf Ihrem Gebiet zu gelten, ist entscheidend, um sicherzustellen, dass Ihre Kunden und Kandidaten immer wieder zu Ihnen zur\u00fcckkehren.<\/p>\n<p>Die Flowtec-Gruppe rekrutiert in allen unseren Unternehmen und Abteilungen:<\/p>\n<ul>\n<li><a href=\"#trainee-graduate\">Trainee and Graduate level recruitment consultants<\/a><\/li>\n<li><a href=\"#senior-principle\">Senior and Principle level recruitment consultants<\/a><\/li>\n<\/ul>\n<p>[\/et_pb_text][\/et_pb_column][\/et_pb_row][\/et_pb_section][et_pb_section fb_built=&#8220;1&#8243; next_background_color=&#8220;#ffffff&#8220; _builder_version=&#8220;3.22&#8243; background_color=&#8220;#253166&#8243; bottom_divider_style=&#8220;slant2&#8243; bottom_divider_height=&#8220;50px&#8220;][et_pb_row _builder_version=&#8220;3.25&#8243;][et_pb_column type=&#8220;4_4&#8243; _builder_version=&#8220;3.25&#8243; custom_padding=&#8220;|||&#8220; custom_padding__hover=&#8220;|||&#8220;][et_pb_text disabled_on=&#8220;off|off|off&#8220; _builder_version=&#8220;3.27.4&#8243; text_font=&#8220;||||||||&#8220; header_font=&#8220;||||||||&#8220; header_2_font=&#8220;||||||||&#8220; header_2_font_size=&#8220;29px&#8220; header_3_font=&#8220;||||||||&#8220; header_3_font_size=&#8220;16px&#8220; background_layout=&#8220;dark&#8220; custom_margin=&#8220;||0px|&#8220; custom_padding=&#8220;|||&#8220; header_font_size_tablet=&#8220;&#8220; header_font_size_phone=&#8220;&#8220; header_font_size_last_edited=&#8220;on|phone&#8220; header_2_font_size_tablet=&#8220;&#8220; header_2_font_size_phone=&#8220;&#8220; header_2_font_size_last_edited=&#8220;on|phone&#8220;]<\/p>\n<div id=\"tw-source\"><\/div>\n<div class=\"oSioSc\">\n<div id=\"tw-target\">\n<div id=\"tw-target-text-container\" class=\"tw-ta-container tw-nfl\">\n<h3 id=\"tw-target-text\" class=\"tw-data-text tw-ta tw-text-medium\" dir=\"ltr\" data-placeholder=\"Translation\"><span lang=\"de\">Stellenangebote bei Flowtec<\/span><\/h3>\n<\/div>\n<\/div>\n<\/div>\n<p>[\/et_pb_text][et_pb_text disabled_on=&#8220;on|on|off&#8220; _builder_version=&#8220;3.27.4&#8243; text_font=&#8220;||||||||&#8220; header_font=&#8220;||||||||&#8220; header_2_font=&#8220;||||||||&#8220; header_2_font_size=&#8220;29px&#8220; header_3_font=&#8220;||||||||&#8220; header_3_font_size=&#8220;16px&#8220; background_layout=&#8220;dark&#8220; header_font_size_tablet=&#8220;&#8220; header_font_size_phone=&#8220;&#8220; header_font_size_last_edited=&#8220;on|phone&#8220; header_2_font_size_tablet=&#8220;&#8220; header_2_font_size_phone=&#8220;&#8220; header_2_font_size_last_edited=&#8220;on|phone&#8220;]<\/p>\n<h2>Trainee Recruitment Consultants<br \/>\nGraduate Recruitment consultants<\/h2>\n<p>[\/et_pb_text][et_pb_text disabled_on=&#8220;off|off|on&#8220; _builder_version=&#8220;3.27.4&#8243; text_font=&#8220;||||||||&#8220; header_font=&#8220;||||||||&#8220; header_2_font=&#8220;||||||||&#8220; header_2_font_size=&#8220;29px&#8220; header_3_font=&#8220;||||||||&#8220; header_3_font_size=&#8220;16px&#8220; background_layout=&#8220;dark&#8220; header_font_size_tablet=&#8220;&#8220; header_font_size_phone=&#8220;&#8220; header_font_size_last_edited=&#8220;on|phone&#8220; header_2_font_size_tablet=&#8220;20px&#8220; header_2_font_size_phone=&#8220;20px&#8220; header_2_font_size_last_edited=&#8220;on|tablet&#8220;]<\/p>\n<h2>Trainee &amp; Graduate Recruitment consultants<\/h2>\n<p>[\/et_pb_text][et_pb_divider color=&#8220;#ffffff&#8220; divider_style=&#8220;ridge&#8220; divider_weight=&#8220;6px&#8220; _builder_version=&#8220;3.2&#8243; max_width=&#8220;150px&#8220; custom_margin=&#8220;-20px|||&#8220;][\/et_pb_divider][et_pb_text _builder_version=&#8220;4.8.1&#8243; text_font=&#8220;||||||||&#8220; background_layout=&#8220;dark&#8220;]<\/p>\n<ul>\n<li>Competitive basic salary \u2013 OTE \u20ac40-50k<\/li>\n<li>Outstanding commission<\/li>\n<li>2 weeks <strong>additional holiday<\/strong> over Christmas<\/li>\n<li>Flexible working hours<\/li>\n<li>Benefits<\/li>\n<\/ul>\n<p>Have you recently Graduated or have been working in Sales but not had the variation and financial reward you deserve?<br \/>Want to join a fun, fast paced team and work for a renowned company with an unbeatable commission scheme?<\/p>\n<p><strong>Start your Career<\/strong><br \/>Being employed at Flowtec is more than just having a \u2018job\u2019. We offer long term career progression, unrivalled internal training and a meritocratic structure, meaning you are guided through your career, and rewarded for your successes.<\/p>\n<p>Our business has been built on three strong values &#8211; Professionalism, Integrity, Expertise. Working with us means encompassing these values and embracing our honest, hardworking culture.<\/p>\n<p><strong>Prospects<\/strong><br \/>Become a trainee or graduate recruitment consultant for Flowtec Engineering GmbH, an ambitious, modern and market leading recruitment agency that has grown on family values.<\/p>\n<ul>\n<li>No Threshold and No Cap to your Commission Structure \u2013 We train people to be the best and ensure they\u2019re rewarded for their hard work<\/li>\n<li>Career Progression &#8211; Offering growth opportunities within the company through principle consultant or management avenues<\/li>\n<li>Social Events \u2013 Horse Racing, Sport Events, Regular Rewards, Christmas and Summer Parties<\/li>\n<li>Incredible Rewards \u2013 All-Inclusive Weekends away, Spa Days, Lunches, Nights Out<\/li>\n<li>Fully funded further learning<\/li>\n<li>Travel<\/li>\n<li>No restrictions geographically \u2013 We work with clients globally<\/li>\n<\/ul>\n<p><strong>Management<\/strong><br \/>You will be working alongside the best and most successful recruitment consultants in their field who have now set up Flowtec and have a true interest in you achieving your full potential. It is undoubtable a unique opportunity for you to become the a specialist engineering consultant and somewhere you can continue developing yourself far into the future.<\/p>\n<p><strong>About you?<\/strong><br \/>You will be degree qualified or equivalent, with a clear motivation to learn.<\/p>\n<p>Great communication skills and confidence are a must as you will be speaking with a range of industry professionals every day. Successful Recruitment Consultants are motivated, ambitious, competitive and able to build strong relationships to capitalise on the opportunities available to them, as well as their team.<\/p>\n<p>Contact Jelle De Visser, Managing Consultant at Flowtec Engineering GmbH, to apply and find out more.<br \/><a href=\"mailto:jelle.devisser@flowtec-engineering.de\">m.zacharias@flowtec-engineering.de<\/a><\/p>\n<p>[\/et_pb_text][\/et_pb_column][\/et_pb_row][et_pb_row _builder_version=&#8220;4.8.1&#8243;][et_pb_column type=&#8220;4_4&#8243; _builder_version=&#8220;3.25&#8243; custom_padding=&#8220;|||&#8220; custom_padding__hover=&#8220;|||&#8220;][et_pb_code module_class=&#8220;drag-drop-container&#8220; text_orientation=&#8220;center&#8220; animation_style=&#8220;flip&#8220; custom_css_main_element=&#8220;align-content: center;&#8220;][caldera_form id=&#8220;CF5ad32eeeef21e&#8220;][\/et_pb_code][\/et_pb_column][\/et_pb_row][\/et_pb_section][et_pb_section fb_built=&#8220;1&#8243; _builder_version=&#8220;3.22&#8243;][et_pb_row _builder_version=&#8220;3.25&#8243;][et_pb_column type=&#8220;4_4&#8243; _builder_version=&#8220;3.25&#8243; custom_padding=&#8220;|||&#8220; custom_padding__hover=&#8220;|||&#8220;][et_pb_text _builder_version=&#8220;3.27.4&#8243; text_font=&#8220;||||||||&#8220; header_font=&#8220;||||||||&#8220; header_2_font=&#8220;||||||||&#8220; header_2_font_size=&#8220;29px&#8220; header_3_font=&#8220;||||||||&#8220; header_3_font_size=&#8220;16px&#8220; custom_margin=&#8220;||0px|&#8220;]<\/p>\n<h3 id=\"tw-target-text\" class=\"tw-data-text tw-ta tw-text-medium\" dir=\"ltr\" data-placeholder=\"Translation\"><span lang=\"de\">Stellenangebote bei Flowtec<\/span><\/h3>\n<p>[\/et_pb_text][et_pb_text disabled_on=&#8220;on|on|off&#8220; _builder_version=&#8220;3.27.4&#8243; text_font=&#8220;||||||||&#8220; header_font=&#8220;||||||||&#8220; header_2_font=&#8220;||||||||&#8220; header_2_font_size=&#8220;29px&#8220; header_3_font=&#8220;||||||||&#8220; header_3_font_size=&#8220;16px&#8220;]<\/p>\n<h2>Senior Recruitment Consultants<br \/>\nPrinciple Recruitment consultants<\/h2>\n<p>[\/et_pb_text][et_pb_text disabled_on=&#8220;off|off|on&#8220; _builder_version=&#8220;3.27.4&#8243; text_font=&#8220;||||||||&#8220; header_font=&#8220;||||||||&#8220; header_2_font=&#8220;||||||||&#8220; header_2_font_size=&#8220;29px&#8220; header_3_font=&#8220;||||||||&#8220; header_3_font_size=&#8220;16px&#8220; header_2_font_size_tablet=&#8220;20px&#8220; header_2_font_size_phone=&#8220;20px&#8220; header_2_font_size_last_edited=&#8220;on|phone&#8220;]<\/p>\n<h2>Senior &amp; Principle Recruitment consultants<\/h2>\n<p>[\/et_pb_text][et_pb_divider divider_style=&#8220;ridge&#8220; divider_weight=&#8220;6px&#8220; _builder_version=&#8220;3.2&#8243; max_width=&#8220;150px&#8220; custom_margin=&#8220;-20px|||&#8220;][\/et_pb_divider][et_pb_text _builder_version=&#8220;4.8.1&#8243; text_font=&#8220;||||||||&#8220;]<\/p>\n<ul>\n<li>Competitive basic salary \u2013 OTE \u20ac80-120k<\/li>\n<li>Outstanding commission<\/li>\n<li>Company shares scheme<\/li>\n<li>2 weeks <strong>additional holiday<\/strong> over Christmas<\/li>\n<li>Flexible working hours<\/li>\n<li>Company car<\/li>\n<li>Benefits<\/li>\n<\/ul>\n<p><strong>If you are a successful recruitment consultant then Flowtec is keen to speak with you.<\/strong><br \/>We know what makes good consultants leave and Flowtec is set up to attract and retain the most talented recruiters and headhunters. We like to understand what excites and motivates our employees to establish goals, reward achievements and benefit their entire lives through working here.<\/p>\n<p><strong>Propel your Career forward<\/strong><br \/>Being employed at Flowtec is more than just having a \u2018job\u2019. We offer long term career progression, unrivalled internal training and a meritocratic structure, meaning you are guided through your career, and rewarded for your successes.<\/p>\n<p>Our business has been built on three strong values &#8211; Professionalism, Integrity, Expertise. Working with us means encompassing these values and embracing our honest, hardworking culture.<\/p>\n<p><strong>Prospects<\/strong><br \/>Flowtec Engineering GmbH is an ambitious, modern and market leading recruitment agency that has grown on family values. You can expect from us:<\/p>\n<ul>\n<li>No Threshold and No Cap to your Commission Structure \u2013 We provide the support and resources to allow you to be your best and ensure you\u2019re rewarded for working hard<\/li>\n<li>Career Progression \u2013 Offering growth opportunities within the company through principle consultant or management avenues (Both offering a shares scheme to become a true partner)<\/li>\n<li>Social Events \u2013 Horse Racing, Sport Events, Regular Rewards, Christmas and Summer Parties<\/li>\n<li>Incredible Rewards \u2013 All-Inclusive Weekends away, Spa Days, Lunches, Nights Out<\/li>\n<li>Fully funded further learning<\/li>\n<li>Travel<\/li>\n<li>No restrictions geographically \u2013 We work with clients globally<\/li>\n<\/ul>\n<p><strong>Management<\/strong><br \/>You will be working alongside the best and most successful recruitment consultants in their field who have now set up Flowtec and have a true interest in you achieving your full potential. It is undoubtable a unique opportunity for you to continue developing yourself far into your global recruitment career.<\/p>\n<p><strong>About you?<\/strong><br \/>You will be a successful Recruitment Consultant \u2013 motivated, ambitious, competitive and able to build strong relationships to capitalise on the opportunities available to them, as well as their team.<\/p>\n<p>Contact Jelle De Visser, Managing Consultant at Flowtec Engineering GmbH, to apply and find out more.<br \/><a href=\"mailto:jelle.devisser@flowtec-engineering.de\">m.zacharias@flowtec-engineering.de<\/a><\/p>\n<p>[\/et_pb_text][\/et_pb_column][\/et_pb_row][et_pb_row _builder_version=&#8220;4.8.1&#8243;][et_pb_column type=&#8220;4_4&#8243; _builder_version=&#8220;3.25&#8243; custom_padding=&#8220;|||&#8220; custom_padding__hover=&#8220;|||&#8220;][et_pb_code module_class=&#8220;drag-drop-container&#8220; text_orientation=&#8220;center&#8220; animation_style=&#8220;flip&#8220; custom_css_main_element=&#8220;align-content: center;&#8220;][caldera_form id=&#8220;CF5ad32eeeef21e&#8220;][\/et_pb_code][\/et_pb_column][\/et_pb_row][\/et_pb_section]<\/p>\n","protected":false},"excerpt":{"rendered":"<p>[et_pb_section fb_built=&#8220;1&#8243; next_background_color=&#8220;#ffffff&#8220; _builder_version=&#8220;3.22&#8243; background_color=&#8220;#4691d3&#8243; background_image=&#8220;https:\/\/flowtecmig.wpengine.com\/wp-content\/uploads\/2018\/04\/join-us.jpg&#8220; background_blend=&#8220;multiply&#8220; bottom_divider_style=&#8220;slant2&#8243; bottom_divider_height=&#8220;50px&#8220;][et_pb_row _builder_version=&#8220;3.25&#8243; background_size=&#8220;initial&#8220; background_position=&#8220;top_left&#8220; background_repeat=&#8220;repeat&#8220; custom_margin=&#8220;68px||68px|&#8220; custom_margin_tablet=&#8220;&#8220; custom_margin_phone=&#8220;&#8220; custom_margin_last_edited=&#8220;on|phone&#8220; custom_padding=&#8220;|||&#8220;][et_pb_column type=&#8220;4_4&#8243; _builder_version=&#8220;3.25&#8243; custom_padding=&#8220;|||&#8220; custom_padding__hover=&#8220;|||&#8220;][et_pb_text _builder_version=&#8220;3.27.4&#8243; text_font=&#8220;||||||||&#8220; header_font=&#8220;||||||||&#8220; header_font_size=&#8220;50px&#8220; text_orientation=&#8220;center&#8220; background_layout=&#8220;dark&#8220; header_font_size_tablet=&#8220;35px&#8220; header_font_size_phone=&#8220;35px&#8220; header_font_size_last_edited=&#8220;on|phone&#8220;] Werde ein Teil von Flowtec [\/et_pb_text][\/et_pb_column][\/et_pb_row][\/et_pb_section][et_pb_section fb_built=&#8220;1&#8243; _builder_version=&#8220;3.22&#8243;][et_pb_row _builder_version=&#8220;3.25&#8243;][et_pb_column type=&#8220;4_4&#8243; _builder_version=&#8220;3.25&#8243; custom_padding=&#8220;|||&#8220; custom_padding__hover=&#8220;|||&#8220;][et_pb_text _builder_version=&#8220;4.9.4&#8243;]Die Rekrutierung ist einer der am schnellsten wachsenden Dienstleistungssektoren weltweit. Es [&hellip;]<\/p>\n","protected":false},"author":11,"featured_media":0,"parent":0,"menu_order":0,"comment_status":"closed","ping_status":"closed","template":"","meta":{"_et_pb_use_builder":"on","_et_pb_old_content":"","_et_gb_content_width":""},"_links":{"self":[{"href":"https:\/\/flowtec-biotech.com\/de\/wp-json\/wp\/v2\/pages\/1880"}],"collection":[{"href":"https:\/\/flowtec-biotech.com\/de\/wp-json\/wp\/v2\/pages"}],"about":[{"href":"https:\/\/flowtec-biotech.com\/de\/wp-json\/wp\/v2\/types\/page"}],"author":[{"embeddable":true,"href":"https:\/\/flowtec-biotech.com\/de\/wp-json\/wp\/v2\/users\/11"}],"replies":[{"embeddable":true,"href":"https:\/\/flowtec-biotech.com\/de\/wp-json\/wp\/v2\/comments?post=1880"}],"version-history":[{"count":0,"href":"https:\/\/flowtec-biotech.com\/de\/wp-json\/wp\/v2\/pages\/1880\/revisions"}],"wp:attachment":[{"href":"https:\/\/flowtec-biotech.com\/de\/wp-json\/wp\/v2\/media?parent=1880"}],"curies":[{"name":"wp","href":"https:\/\/api.w.org\/{rel}","templated":true}]}}