{"id":1894,"date":"2018-04-12T12:09:10","date_gmt":"2018-04-12T11:09:10","guid":{"rendered":"https:\/\/flowtecmig.wpengine.com\/wasser\/"},"modified":"2018-08-30T17:10:30","modified_gmt":"2018-08-30T16:10:30","slug":"wasser","status":"publish","type":"page","link":"https:\/\/flowtec-biotech.com\/de\/wasser\/","title":{"rendered":"Wasser"},"content":{"rendered":"<p>[et_pb_section fb_built=&#8220;1&#8243; background_color=&#8220;#4691d3&#8243; next_background_color=&#8220;#ffffff&#8220; _builder_version=&#8220;3.0.106&#8243; background_image=&#8220;https:\/\/flowtecmig.wpengine.com\/wp-content\/uploads\/2018\/04\/water-header.jpg&#8220; background_blend=&#8220;multiply&#8220; custom_padding=&#8220;140px|||&#8220; bottom_divider_style=&#8220;slant2&#8243; bottom_divider_height=&#8220;50px&#8220; module_class=&#8220;markets-header&#8220;][et_pb_row custom_padding=&#8220;0|0px|0|0px&#8220; _builder_version=&#8220;3.0.47&#8243; background_size=&#8220;initial&#8220; background_position=&#8220;top_left&#8220; background_repeat=&#8220;repeat&#8220;][et_pb_column type=&#8220;4_4&#8243; _builder_version=&#8220;3.0.47&#8243; parallax=&#8220;off&#8220; parallax_method=&#8220;on&#8220;][et_pb_text background_layout=&#8220;dark&#8220; _builder_version=&#8220;3.0.106&#8243; text_font=&#8220;||||||||&#8220; header_font=&#8220;||||||||&#8220; header_font_size=&#8220;50px&#8220; text_orientation=&#8220;center&#8220; header_font_size_last_edited=&#8220;on|phone&#8220; header_font_size_tablet=&#8220;35px&#8220; header_font_size_phone=&#8220;35px&#8220; header_2_font=&#8220;||||||||&#8220; header_2_font_size_last_edited=&#8220;on|tablet&#8220; header_2_font_size_phone=&#8220;18px&#8220; header_2_font_size_tablet=&#8220;18px&#8220;]<\/p>\n<h2 id=\"tw-target-text\" class=\"tw-data-text tw-ta tw-text-medium\" dir=\"ltr\" data-placeholder=\"Translation\"><span lang=\"de\">Marktspezialit\u00e4t<\/span><\/h2>\n<h1 class=\"tw-data-text tw-ta tw-text-medium\" dir=\"ltr\" data-placeholder=\"Translation\"><span lang=\"de\"><br \/>\nWasser<\/span><\/h1>\n<p>[\/et_pb_text][\/et_pb_column][\/et_pb_row][et_pb_row use_custom_gutter=&#8220;on&#8220; gutter_width=&#8220;2&#8243; _builder_version=&#8220;3.0.106&#8243;][et_pb_column type=&#8220;1_2&#8243; _builder_version=&#8220;3.0.47&#8243; parallax=&#8220;off&#8220; parallax_method=&#8220;on&#8220;][et_pb_button button_url=&#8220;#job-vacancy-enquiry&#8220; button_text=&#8220;Eine Neue Stellenanzeige Aufgeben&#8220; button_alignment=&#8220;right&#8220; background_layout=&#8220;dark&#8220; _builder_version=&#8220;3.0.106&#8243; custom_button=&#8220;on&#8220; button_font=&#8220;||||||||&#8220; button_text_size_last_edited=&#8220;on|phone&#8220; button_text_size_tablet=&#8220;18px&#8220; button_text_size_phone=&#8220;18px&#8220;][\/et_pb_button][\/et_pb_column][et_pb_column type=&#8220;1_2&#8243; _builder_version=&#8220;3.0.47&#8243; parallax=&#8220;off&#8220; parallax_method=&#8220;on&#8220;][et_pb_button button_url=&#8220;#water-utilities-vacancies&#8220; button_text=&#8220;Finde eine neue Position&#8220; button_alignment=&#8220;left&#8220; background_layout=&#8220;dark&#8220; _builder_version=&#8220;3.0.106&#8243; custom_button=&#8220;on&#8220; button_font=&#8220;||||||||&#8220; button_text_size_last_edited=&#8220;on|phone&#8220; button_text_size_tablet=&#8220;18px&#8220; button_text_size_phone=&#8220;18px&#8220;][\/et_pb_button][\/et_pb_column][\/et_pb_row][\/et_pb_section][et_pb_section fb_built=&#8220;1&#8243; _builder_version=&#8220;3.0.47&#8243;][et_pb_row _builder_version=&#8220;3.0.47&#8243; background_size=&#8220;initial&#8220; background_position=&#8220;top_left&#8220; background_repeat=&#8220;repeat&#8220;][et_pb_column type=&#8220;1_2&#8243; _builder_version=&#8220;3.0.47&#8243; parallax=&#8220;off&#8220; parallax_method=&#8220;on&#8220;][et_pb_text _builder_version=&#8220;3.0.106&#8243; header_font=&#8220;||||||||&#8220; header_2_font=&#8220;||||||||&#8220; header_2_font_size=&#8220;29px&#8220; header_3_font=&#8220;||||||||&#8220; header_3_font_size=&#8220;16px&#8220; custom_padding=&#8220;|||&#8220;]<\/p>\n<h3>Branchenexpertise<\/h3>\n<h2>Suche und Auswahl<\/h2>\n<p>[\/et_pb_text][et_pb_divider color=&#8220;#4691d3&#8243; show_divider=&#8220;on&#8220; divider_style=&#8220;ridge&#8220; divider_weight=&#8220;6px&#8220; height=&#8220;0px&#8220; _builder_version=&#8220;3.0.106&#8243; max_width=&#8220;150px&#8220; custom_padding=&#8220;-20px|||&#8220;][\/et_pb_divider][et_pb_text _builder_version=&#8220;3.0.106&#8243;]Flowtec verf\u00fcgt \u00fcber ein einzigartiges Wissen \u00fcber den Wassermarkt in ganz Europa. Jeder Berater besitzt in dieser Branche Erfahrung und Expertise und versteht die Struktur, Kultur und pr\u00e4zise Bed\u00fcrfnisse unserer Kunden. Aus diesem Grund sind wir als Spezialisten in diesem Bereich angesehen und\u00a0schaffen es, die bestm\u00f6glichen Kandidaten vorzustellen. Dies erm\u00f6glicht uns auch, Kandidaten aus Wasseraufbereitungs- und Versorgungsunternehmen Zugang zu den besten Arbeitspl\u00e4tzen zu bieten, samt professioneller Karriereberatung und F\u00fchrung in jeder Phase des Bewerbungsprozesses, was bedeutet, dass wir die passende Rolle finden. Der Gro\u00dfteil unserer Arbeit widmet sich den branchenf\u00fchrenden Herstellern, Wasserdienstleistern und spezialisierten Maschinenbauunternehmen entweder als bevorzugter Rekrutierungspartner oder sogar exklusiv. Flowtec rekrutiert Fach-, Vertriebs- und F\u00fchrungskr\u00e4fte, die alle Disziplinen dieses vielf\u00e4ltigen Marktes abdecken, um einen kompletten Rekrutierungsservice anbieten zu k\u00f6nnen.[\/et_pb_text][\/et_pb_column][et_pb_column type=&#8220;1_2&#8243; _builder_version=&#8220;3.0.47&#8243; parallax=&#8220;off&#8220; parallax_method=&#8220;on&#8220;][et_pb_toggle title=&#8220;Wasserversorgung &#8220; open=&#8220;on&#8220; _builder_version=&#8220;3.0.106&#8243; title_level=&#8220;h4&#8243; title_font=&#8220;|||on|||||&#8220; title_text_color=&#8220;#253166&#8243; background_color=&#8220;#f9f9f9&#8243; border_width_all=&#8220;0px&#8220; custom_margin=&#8220;|||&#8220; custom_padding=&#8220;40px|30px|40px|30px&#8220; animation_style=&#8220;slide&#8220; animation_direction=&#8220;right&#8220; box_shadow_style=&#8220;preset3&#8243;]Wasserversorgungssysteme erscheinen in mehreren M\u00e4rkten und Disziplinen, was den Rekrutierungsprozess manchmal komplizierter macht und es schwieriger macht, gezielt Kandidaten anzusprechen. Erfreulicherweise verf\u00fcgen wir \u00fcber eine ausgewiesene Expertise auf dem gesamten Gebiet mit einer\u00a0au\u00dferordentlichen Erfolgsbilanz. Unsere Berater k\u00f6nnen dabei helfen, die richtigen Talente f\u00fcr Ihr Unternehmen ausfindig zu machen und vorzustellen. Da viele unserer Berater Erfahrungen aus erster Hand in der Branche gesammelt haben, k\u00f6nnen sie die Bed\u00fcrfnisse unserer Kunden in diesem Bereich bestens nachvollziehen. Unsere Erfahrung bei der kontinuierlichen Bereitstellung relevanter Rekrutierungsl\u00f6sungen hat uns einen sehr guten Ruf f\u00fcr qualitativ hochwertigen Service bei einigen der bekanntesten und innovativsten Unternehmen dieser Branche eingebracht. Unter unseren Mitarbeitern haben wir Berater, die ausschlie\u00dflich im Bereich der Wasseraufbereitung t\u00e4tig\u00a0sind und die sich durch fundierte Kenntnisse der Bedingungen und Trends in diesem\u00a0Bereich auszeichnen. Dieser allumfassende Ansatz verbessert unsere F\u00e4higkeit, unseren Kunden zum richtigen Zeitpunkt die passende Kandidaten vorzustellen.[\/et_pb_toggle][et_pb_toggle title=&#8220;Kommunales Wasser &amp; Abwasser &#8220; _builder_version=&#8220;3.0.106&#8243; title_level=&#8220;h4&#8243; title_font=&#8220;|||on|||||&#8220; title_text_color=&#8220;#253166&#8243; background_color=&#8220;#f9f9f9&#8243; border_width_all=&#8220;0px&#8220; custom_margin=&#8220;|||&#8220; custom_padding=&#8220;40px|30px|40px|30px&#8220; animation_style=&#8220;slide&#8220; animation_direction=&#8220;right&#8220; box_shadow_style=&#8220;preset3&#8243;]Die kommunalen Wasser- und Abwassersektoren sind die etablierteste Nische bei Flowtec mit einer vollst\u00e4ndigen Abdeckung \u00fcber EMEA und mit au\u00dfergew\u00f6hnlichen Ergebnissen. Wir arbeiten mit den bekanntesten und renommiertesten Unternehmen der Welt zusammen und bieten einen Rekrutierungs- und Talentgewinnungsservice wie kein anderer. Dank der Erfolge, die wir im Laufe der Jahre mit unseren besten Kunden erzielt haben, k\u00f6nnen wir heute auf eine Reihe von Kandidaten verweisen, die wir in Management- und F\u00fchrungspositionen platziert haben. Flowtec bietet eine einzigartige Unterst\u00fctzung bei der Vorstellung von Kandidaten, bei der Beratung w\u00e4hrend des gesamten Rekrutierungsprozesses sowie beim Informationsaustausch mit Fachleuten der Wasserindustrie \u00fcber Entwicklungsm\u00f6glichkeiten, denn viele der Rollen, an denen wir arbeiten, sind f\u00fcr uns exklusiv.[\/et_pb_toggle][\/et_pb_column][\/et_pb_row][\/et_pb_section][et_pb_section fb_built=&#8220;1&#8243; background_color=&#8220;#253166&#8243; next_background_color=&#8220;#ffffff&#8220; _builder_version=&#8220;3.0.106&#8243; bottom_divider_style=&#8220;slant2&#8243; bottom_divider_height=&#8220;50px&#8220;][et_pb_row use_custom_width=&#8220;on&#8220; width_unit=&#8220;off&#8220; custom_width_percent=&#8220;60%&#8220; _builder_version=&#8220;3.0.106&#8243;][et_pb_column type=&#8220;4_4&#8243; _builder_version=&#8220;3.0.47&#8243; parallax=&#8220;off&#8220; parallax_method=&#8220;on&#8220;][et_pb_text background_layout=&#8220;dark&#8220; _builder_version=&#8220;3.0.106&#8243; text_font=&#8220;||||||||&#8220; header_font=&#8220;||||||||&#8220;]<\/p>\n<h2 id=\"job-vacancy-enquiry\">Fordern Sie Unterst\u00fctzung bei Ihrer Vakanz an<\/h2>\n<p>[\/et_pb_text][et_pb_text background_layout=&#8220;dark&#8220; _builder_version=&#8220;3.0.106&#8243; text_font=&#8220;||||||||&#8220; header_font=&#8220;||||||||&#8220; module_alignment=&#8220;center&#8220;][caldera_form id=&#8220;CF5ac79b12b3296&#8243;][\/et_pb_text][\/et_pb_column][\/et_pb_row][\/et_pb_section][et_pb_section fb_built=&#8220;1&#8243; admin_label=&#8220;section&#8220; _builder_version=&#8220;3.0.47&#8243;][et_pb_row admin_label=&#8220;row&#8220; _builder_version=&#8220;3.0.47&#8243; background_size=&#8220;initial&#8220; background_position=&#8220;top_left&#8220; background_repeat=&#8220;repeat&#8220;][et_pb_column type=&#8220;4_4&#8243; _builder_version=&#8220;3.0.47&#8243; parallax=&#8220;off&#8220; parallax_method=&#8220;on&#8220;][et_pb_text _builder_version=&#8220;3.0.106&#8243; header_font=&#8220;||||||||&#8220; header_3_font=&#8220;||||||||&#8220; header_3_font_size=&#8220;16px&#8220; background_color=&#8220;#f9f9f9&#8243; background_size=&#8220;initial&#8220; background_position=&#8220;top_left&#8220; background_repeat=&#8220;repeat&#8220; custom_padding=&#8220;30px|30px|30px|30px&#8220; animation_style=&#8220;slide&#8220; animation_direction=&#8220;right&#8220; box_shadow_style=&#8220;preset3&#8243; custom_padding_last_edited=&#8220;on|phone&#8220; custom_padding_phone=&#8220;30px|10px|30px|10px&#8220; module_class=&#8220;latest-roles&#8220;]<\/p>\n<h3>Aktuelle Stellenangebote<\/h3>\n<h2 id=\"water-utilities-vacancies\">Wasser Zubeh\u00f6r<\/h2>\n<p><div class=\"job_listings\" data-location=\"\" data-keywords=\"\" data-show_filters=\"true\" data-show_pagination=\"false\" data-per_page=\"10\" data-orderby=\"featured\" data-order=\"DESC\" data-categories=\"water\" data-disable-form-state-storage=\"\" data-featured_first=\"false\" data-post_id=\"1894\" >\n<form class=\"job_filters\">\n\t\n\t<div class=\"search_jobs\">\n\t\t\n\t\t<div class=\"search_keywords\">\n\t\t\t<label for=\"search_keywords\">Stichw\u00f6rter<\/label>\n\t\t\t<input type=\"text\" name=\"search_keywords\" id=\"search_keywords\" placeholder=\"Stichw\u00f6rter\" value=\"\" \/>\n\t\t<\/div>\n\n\t\t<div class=\"search_location\">\n\t\t\t<label for=\"search_location\">Arbeitsort<\/label>\n\t\t\t<input type=\"text\" name=\"search_location\" id=\"search_location\" placeholder=\"Arbeitsort\" value=\"\" \/>\n\t\t<\/div>\n\n\t\t\t\t\t<div class=\"search_remote_position\">\n\t\t\t\t<input type=\"checkbox\" class=\"input-checkbox\" name=\"remote_position\" id=\"remote_position\" placeholder=\"Arbeitsort\" value=\"1\"  \/>\n\t\t\t\t<label for=\"remote_position\" id=\"remote_position_label\">Remote positions only<\/label>\n\t\t\t<\/div>\n\t\t\n\t\t<div style=\"clear: both\"><\/div>\n\n\t\t\t\t\t\t\t\t\t<input type=\"hidden\" name=\"search_categories[]\" value=\"water\" \/>\n\t\t\t\t\t\n\t\t\t\t\t<div class=\"search_submit\">\n\t\t\t\t<input type=\"submit\" value=\"Jobs finden\">\n\t\t\t<\/div>\n\t\t\n\t\t\t<\/div>\n\n\t\t<ul class=\"job_types\">\n\t\t\t\t\t<li><label for=\"job_type_contract-de\" class=\"contract\"><input type=\"checkbox\" name=\"filter_job_type[]\" value=\"contract-de\"  checked='checked' id=\"job_type_contract-de\" \/> Contract<\/label><\/li>\n\t\t\t\t\t<li><label for=\"job_type_permanent-de\" class=\"permanent\"><input type=\"checkbox\" name=\"filter_job_type[]\" value=\"permanent-de\"  checked='checked' id=\"job_type_permanent-de\" \/> Permanent<\/label><\/li>\n\t\t\t<\/ul>\n\t<input type=\"hidden\" name=\"filter_job_type[]\" value=\"\" \/>\n<div class=\"showing_jobs\"><\/div><\/form>\n\n\n<noscript>Dein Browser unterst\u00fctzt kein JavaScript oder es ist deaktiviert. JavaScript muss aktiviert sein, um Eintr\u00e4ge zu sehen.<\/noscript>\n<ul class=\"job_listings\">\n<\/ul>\n<a class=\"load_more_jobs\" href=\"#\" style=\"display:none;\"><strong>Weitere Jobangebote laden<\/strong><\/a><\/div>[\/et_pb_text][\/et_pb_column][\/et_pb_row][\/et_pb_section]<\/p>\n","protected":false},"excerpt":{"rendered":"<p>[et_pb_section fb_built=&#8220;1&#8243; background_color=&#8220;#4691d3&#8243; next_background_color=&#8220;#ffffff&#8220; _builder_version=&#8220;3.0.106&#8243; background_image=&#8220;https:\/\/flowtecmig.wpengine.com\/wp-content\/uploads\/2018\/04\/water-header.jpg&#8220; background_blend=&#8220;multiply&#8220; custom_padding=&#8220;140px|||&#8220; bottom_divider_style=&#8220;slant2&#8243; bottom_divider_height=&#8220;50px&#8220; module_class=&#8220;markets-header&#8220;][et_pb_row custom_padding=&#8220;0|0px|0|0px&#8220; _builder_version=&#8220;3.0.47&#8243; background_size=&#8220;initial&#8220; background_position=&#8220;top_left&#8220; background_repeat=&#8220;repeat&#8220;][et_pb_column type=&#8220;4_4&#8243; _builder_version=&#8220;3.0.47&#8243; parallax=&#8220;off&#8220; parallax_method=&#8220;on&#8220;][et_pb_text background_layout=&#8220;dark&#8220; _builder_version=&#8220;3.0.106&#8243; text_font=&#8220;||||||||&#8220; header_font=&#8220;||||||||&#8220; header_font_size=&#8220;50px&#8220; text_orientation=&#8220;center&#8220; header_font_size_last_edited=&#8220;on|phone&#8220; header_font_size_tablet=&#8220;35px&#8220; header_font_size_phone=&#8220;35px&#8220; header_2_font=&#8220;||||||||&#8220; header_2_font_size_last_edited=&#8220;on|tablet&#8220; header_2_font_size_phone=&#8220;18px&#8220; header_2_font_size_tablet=&#8220;18px&#8220;] Marktspezialit\u00e4t Wasser [\/et_pb_text][\/et_pb_column][\/et_pb_row][et_pb_row use_custom_gutter=&#8220;on&#8220; gutter_width=&#8220;2&#8243; _builder_version=&#8220;3.0.106&#8243;][et_pb_column type=&#8220;1_2&#8243; _builder_version=&#8220;3.0.47&#8243; parallax=&#8220;off&#8220; parallax_method=&#8220;on&#8220;][et_pb_button button_url=&#8220;#job-vacancy-enquiry&#8220; button_text=&#8220;Eine Neue Stellenanzeige Aufgeben&#8220; button_alignment=&#8220;right&#8220; background_layout=&#8220;dark&#8220; _builder_version=&#8220;3.0.106&#8243; custom_button=&#8220;on&#8220; button_font=&#8220;||||||||&#8220; button_text_size_last_edited=&#8220;on|phone&#8220; button_text_size_tablet=&#8220;18px&#8220; [&hellip;]<\/p>\n","protected":false},"author":11,"featured_media":0,"parent":0,"menu_order":0,"comment_status":"closed","ping_status":"closed","template":"","meta":{"_et_pb_use_builder":"on","_et_pb_old_content":"","_et_gb_content_width":""},"_links":{"self":[{"href":"https:\/\/flowtec-biotech.com\/de\/wp-json\/wp\/v2\/pages\/1894"}],"collection":[{"href":"https:\/\/flowtec-biotech.com\/de\/wp-json\/wp\/v2\/pages"}],"about":[{"href":"https:\/\/flowtec-biotech.com\/de\/wp-json\/wp\/v2\/types\/page"}],"author":[{"embeddable":true,"href":"https:\/\/flowtec-biotech.com\/de\/wp-json\/wp\/v2\/users\/11"}],"replies":[{"embeddable":true,"href":"https:\/\/flowtec-biotech.com\/de\/wp-json\/wp\/v2\/comments?post=1894"}],"version-history":[{"count":0,"href":"https:\/\/flowtec-biotech.com\/de\/wp-json\/wp\/v2\/pages\/1894\/revisions"}],"wp:attachment":[{"href":"https:\/\/flowtec-biotech.com\/de\/wp-json\/wp\/v2\/media?parent=1894"}],"curies":[{"name":"wp","href":"https:\/\/api.w.org\/{rel}","templated":true}]}}