{"id":2644,"date":"2018-04-12T14:05:58","date_gmt":"2018-04-12T13:05:58","guid":{"rendered":"https:\/\/flowtecmig.wpengine.com\/flow-control\/"},"modified":"2019-02-06T01:41:45","modified_gmt":"2019-02-06T01:41:45","slug":"flow-control","status":"publish","type":"page","link":"https:\/\/flowtec-biotech.com\/es\/flow-control\/","title":{"rendered":"Flow Control"},"content":{"rendered":"<p>[et_pb_section fb_built=\u00bb1&#8243; background_color=\u00bb#4691d3&#8243; next_background_color=\u00bb#ffffff\u00bb _builder_version=\u00bb3.0.106&#8243; background_image=\u00bbhttps:\/\/flowtecmig.wpengine.com\/wp-content\/uploads\/2018\/04\/flow-control-header.jpg\u00bb background_blend=\u00bbmultiply\u00bb custom_padding=\u00bb140px|||\u00bb bottom_divider_style=\u00bbslant2&#8243; bottom_divider_height=\u00bb50px\u00bb module_class=\u00bbmarkets-header\u00bb][et_pb_row custom_padding=\u00bb0|0px|0|0px\u00bb _builder_version=\u00bb3.0.47&#8243; background_size=\u00bbinitial\u00bb background_position=\u00bbtop_left\u00bb background_repeat=\u00bbrepeat\u00bb][et_pb_column type=\u00bb4_4&#8243; _builder_version=\u00bb3.0.47&#8243; parallax=\u00bboff\u00bb parallax_method=\u00bbon\u00bb][et_pb_text background_layout=\u00bbdark\u00bb _builder_version=\u00bb3.0.106&#8243; text_font=\u00bb||||||||\u00bb header_font=\u00bb||||||||\u00bb header_font_size=\u00bb50px\u00bb text_orientation=\u00bbcenter\u00bb header_font_size_last_edited=\u00bbon|phone\u00bb header_font_size_tablet=\u00bb35px\u00bb header_font_size_phone=\u00bb35px\u00bb header_2_font=\u00bb||||||||\u00bb header_2_font_size_last_edited=\u00bbon|tablet\u00bb header_2_font_size_phone=\u00bb18px\u00bb header_2_font_size_tablet=\u00bb18px\u00bb]<\/p>\n<h2>Especialidad de Mercado<\/h2>\n<h1>Flow Control<\/h1>\n<p>[\/et_pb_text][\/et_pb_column][\/et_pb_row][et_pb_row use_custom_gutter=\u00bbon\u00bb gutter_width=\u00bb2&#8243; _builder_version=\u00bb3.0.106&#8243;][et_pb_column type=\u00bb1_2&#8243; _builder_version=\u00bb3.0.47&#8243; parallax=\u00bboff\u00bb parallax_method=\u00bbon\u00bb][et_pb_button button_url=\u00bb#job-vacancy-enquiry\u00bb button_text=\u00bbEnviar Una Vacante\u00bb button_alignment=\u00bbright\u00bb background_layout=\u00bbdark\u00bb _builder_version=\u00bb3.0.106&#8243; custom_button=\u00bbon\u00bb button_font=\u00bb||||||||\u00bb button_text_size_last_edited=\u00bbon|phone\u00bb button_text_size_tablet=\u00bb18px\u00bb button_text_size_phone=\u00bb18px\u00bb][\/et_pb_button][\/et_pb_column][et_pb_column type=\u00bb1_2&#8243; _builder_version=\u00bb3.0.47&#8243; parallax=\u00bboff\u00bb parallax_method=\u00bbon\u00bb][et_pb_button button_url=\u00bb#flow-control-vacancies\u00bb button_text=\u00bbEncontrar Un Nuevo Rol\u00bb button_alignment=\u00bbleft\u00bb background_layout=\u00bbdark\u00bb _builder_version=\u00bb3.0.106&#8243; custom_button=\u00bbon\u00bb button_font=\u00bb||||||||\u00bb button_text_size_last_edited=\u00bbon|phone\u00bb button_text_size_tablet=\u00bb18px\u00bb button_text_size_phone=\u00bb18px\u00bb][\/et_pb_button][\/et_pb_column][\/et_pb_row][\/et_pb_section][et_pb_section fb_built=\u00bb1&#8243; _builder_version=\u00bb3.0.47&#8243;][et_pb_row _builder_version=\u00bb3.0.47&#8243; background_size=\u00bbinitial\u00bb background_position=\u00bbtop_left\u00bb background_repeat=\u00bbrepeat\u00bb][et_pb_column type=\u00bb1_2&#8243; _builder_version=\u00bb3.0.47&#8243; parallax=\u00bboff\u00bb parallax_method=\u00bbon\u00bb][et_pb_text _builder_version=\u00bb3.0.106&#8243; header_font=\u00bb||||||||\u00bb header_2_font=\u00bb||||||||\u00bb header_2_font_size=\u00bb29px\u00bb header_3_font=\u00bb||||||||\u00bb header_3_font_size=\u00bb16px\u00bb custom_padding=\u00bb|||\u00bb]<\/p>\n<h3>Experiencia en la Industria<\/h3>\n<h2>B\u00fasqueda y selecci\u00f3n<\/h2>\n<p>[\/et_pb_text][et_pb_divider color=\u00bb#4691d3&#8243; show_divider=\u00bbon\u00bb divider_style=\u00bbridge\u00bb divider_weight=\u00bb6px\u00bb height=\u00bb0px\u00bb _builder_version=\u00bb3.0.106&#8243; max_width=\u00bb150px\u00bb custom_padding=\u00bb-20px|||\u00bb][\/et_pb_divider][et_pb_text _builder_version=\u00bb3.0.106&#8243;]La divisi\u00f3n de Flow Control de Flowtec cubre las industrias de hidr\u00e1ulica, neum\u00e1tica, transmisi\u00f3n de potencia, bombas y v\u00e1lvulas.<\/p>\n<p>A nivel mundial, tenemos una impresionante base de clientes que incluye fabricantes multinacionales l\u00edderes en el mercado, distribuidores clave y proveedores de servicios importantes.[\/et_pb_text][\/et_pb_column][et_pb_column type=\u00bb1_2&#8243; _builder_version=\u00bb3.0.47&#8243; parallax=\u00bboff\u00bb parallax_method=\u00bbon\u00bb][et_pb_toggle title=\u00bbV\u00e1lvulas y Bombas\u00bb open=\u00bbon\u00bb _builder_version=\u00bb3.0.106&#8243; title_level=\u00bbh4&#8243; title_font=\u00bb|||on|||||\u00bb title_text_color=\u00bb#253166&#8243; background_color=\u00bb#f9f9f9&#8243; border_width_all=\u00bb0px\u00bb custom_margin=\u00bb|||\u00bb custom_padding=\u00bb40px|30px|40px|30px\u00bb animation_style=\u00bbslide\u00bb animation_direction=\u00bbright\u00bb box_shadow_style=\u00bbpreset3&#8243;]Flowtec y nuestra empresa hermana, Flow Control Ltd, se establecieron inicialmente porque tuvimos como objetivo principal cubrir la industria de v\u00e1lvulas y bombas, todav\u00eda es nuestro principal mercado y especialidad. Despu\u00e9s de construir una reputaci\u00f3n indiscutiblemente s\u00f3lida para colocar candidatos de calidad, hemos creado una buena base de expansi\u00f3n internacionalmente y ahora solo representamos a los m\u00e1s grandes y mejores para la fabricaci\u00f3n, distribuci\u00f3n y servicio de v\u00e1lvulas o bombas.<\/p>\n<p>Nuestra experiencia, conocimiento y experiencia significa que podemos ofrecer una visi\u00f3n genuina de una amplia variedad de profesiones dentro de este sector diverso del mercado y una comprensi\u00f3n profunda de las necesidades de nuestros clientes.[\/et_pb_toggle][et_pb_toggle title=\u00bbServicio y Alquiler\u00bb _builder_version=\u00bb3.0.106&#8243; title_level=\u00bbh4&#8243; title_font=\u00bb|||on|||||\u00bb title_text_color=\u00bb#253166&#8243; background_color=\u00bb#f9f9f9&#8243; border_width_all=\u00bb0px\u00bb custom_margin=\u00bb|||\u00bb custom_padding=\u00bb40px|30px|40px|30px\u00bb animation_style=\u00bbslide\u00bb animation_direction=\u00bbright\u00bb box_shadow_style=\u00bbpreset3&#8243;]Dentro de la secci\u00f3n de Flow Control de nuestro negocio, m\u00e1s del 30% de nuestra facturaci\u00f3n proviene de colocaciones permanentes y contratadas con las principales empresas de servicios, alquiler y contrataci\u00f3n. Esto es sin duda, una de las \u00e1reas de mayor crecimiento de los mercados de control de flujo y manejo de fluidos.<\/p>\n<p>Nuestros clientes m\u00e1s antiguos son los mejores proveedores de servicios a nivel mundial. Este es un sector que todos entendemos y en el que estamos particularmente bien equipados para trabajar. Ya sea una compa\u00f1\u00eda proveedora de servicios espec\u00edfica o una divisi\u00f3n de un fabricante, Flowtec est\u00e1 preparada para asistir.[\/et_pb_toggle][\/et_pb_column][\/et_pb_row][\/et_pb_section][et_pb_section fb_built=\u00bb1&#8243; background_color=\u00bb#253166&#8243; next_background_color=\u00bb#ffffff\u00bb _builder_version=\u00bb3.0.106&#8243; bottom_divider_style=\u00bbslant2&#8243; bottom_divider_height=\u00bb50px\u00bb][et_pb_row use_custom_width=\u00bbon\u00bb width_unit=\u00bboff\u00bb custom_width_percent=\u00bb60%\u00bb _builder_version=\u00bb3.0.106&#8243;][et_pb_column type=\u00bb4_4&#8243; _builder_version=\u00bb3.0.47&#8243; parallax=\u00bboff\u00bb parallax_method=\u00bbon\u00bb][et_pb_text background_layout=\u00bbdark\u00bb _builder_version=\u00bb3.0.106&#8243; text_font=\u00bb||||||||\u00bb header_font=\u00bb||||||||\u00bb]<\/p>\n<h2>Solicite asistencia con su vacante<\/h2>\n<p>[\/et_pb_text][et_pb_text background_layout=\u00bbdark\u00bb _builder_version=\u00bb3.0.106&#8243; text_font=\u00bb||||||||\u00bb header_font=\u00bb||||||||\u00bb module_alignment=\u00bbcenter\u00bb][caldera_form id=\u00bbCF5c5a39eb9d195&#8243;]<br \/>\n[\/et_pb_text][\/et_pb_column][\/et_pb_row][\/et_pb_section][et_pb_section fb_built=\u00bb1&#8243; admin_label=\u00bbsection\u00bb _builder_version=\u00bb3.0.47&#8243;][et_pb_row admin_label=\u00bbrow\u00bb _builder_version=\u00bb3.0.47&#8243; background_size=\u00bbinitial\u00bb background_position=\u00bbtop_left\u00bb background_repeat=\u00bbrepeat\u00bb][et_pb_column type=\u00bb4_4&#8243; _builder_version=\u00bb3.0.47&#8243; parallax=\u00bboff\u00bb parallax_method=\u00bbon\u00bb][et_pb_text _builder_version=\u00bb3.0.106&#8243; header_font=\u00bb||||||||\u00bb header_3_font=\u00bb||||||||\u00bb header_3_font_size=\u00bb16px\u00bb background_color=\u00bb#f9f9f9&#8243; background_size=\u00bbinitial\u00bb background_position=\u00bbtop_left\u00bb background_repeat=\u00bbrepeat\u00bb custom_padding=\u00bb30px|30px|30px|30px\u00bb animation_style=\u00bbslide\u00bb animation_direction=\u00bbright\u00bb box_shadow_style=\u00bbpreset3&#8243; module_class=\u00bblatest-roles\u00bb custom_padding_last_edited=\u00bbon|phone\u00bb custom_padding_phone=\u00bb30px|10px|30px|10px\u00bb]<\/p>\n<div id=\"tw-target-text-container\" class=\"gsrt tw-ta-container tw-nfl\">\n<h3 id=\"tw-target-text\" class=\"tw-data-text tw-ta tw-text-medium\" dir=\"ltr\" data-placeholder=\"Translation\"><span lang=\"es\" tabindex=\"0\">Ofertas de Empleo<\/span><\/h3>\n<p class=\"tw-data-text tw-ta tw-text-medium\" lang=\"es\">Flow Control<\/p>\n<div class=\"job_listings\" data-location=\"\" data-keywords=\"\" data-show_filters=\"true\" data-show_pagination=\"false\" data-per_page=\"10\" data-orderby=\"featured\" data-order=\"DESC\" data-categories=\"flow-control\" data-disable-form-state-storage=\"\" data-featured_first=\"false\" data-post_id=\"2644\" >\n<form class=\"job_filters\">\n\t\n\t<div class=\"search_jobs\">\n\t\t\n\t\t<div class=\"search_keywords\">\n\t\t\t<label for=\"search_keywords\">Palabras clave<\/label>\n\t\t\t<input type=\"text\" name=\"search_keywords\" id=\"search_keywords\" placeholder=\"Palabras clave\" value=\"\" \/>\n\t\t<\/div>\n\n\t\t<div class=\"search_location\">\n\t\t\t<label for=\"search_location\">Ubicaci\u00f3n<\/label>\n\t\t\t<input type=\"text\" name=\"search_location\" id=\"search_location\" placeholder=\"Ubicaci\u00f3n\" value=\"\" \/>\n\t\t<\/div>\n\n\t\t\t\t\t<div class=\"search_remote_position\">\n\t\t\t\t<input type=\"checkbox\" class=\"input-checkbox\" name=\"remote_position\" id=\"remote_position\" placeholder=\"Ubicaci\u00f3n\" value=\"1\"  \/>\n\t\t\t\t<label for=\"remote_position\" id=\"remote_position_label\">Solo puestos en remoto<\/label>\n\t\t\t<\/div>\n\t\t\n\t\t<div style=\"clear: both\"><\/div>\n\n\t\t\t\t\t\t\t\t\t<input type=\"hidden\" name=\"search_categories[]\" value=\"flow-control\" \/>\n\t\t\t\t\t\n\t\t\t\t\t<div class=\"search_submit\">\n\t\t\t\t<input type=\"submit\" value=\"Buscar trabajos\">\n\t\t\t<\/div>\n\t\t\n\t\t\t<\/div>\n\n\t\t<ul class=\"job_types\">\n\t\t\t\t\t<li><label for=\"job_type_permanent-es\" class=\"permanent\"><input type=\"checkbox\" name=\"filter_job_type[]\" value=\"permanent-es\"  checked='checked' id=\"job_type_permanent-es\" \/> Permanent<\/label><\/li>\n\t\t\t\t\t<li><label for=\"job_type_contract-es\" class=\"temporal\"><input type=\"checkbox\" name=\"filter_job_type[]\" value=\"contract-es\"  checked='checked' id=\"job_type_contract-es\" \/> Temporal<\/label><\/li>\n\t\t\t<\/ul>\n\t<input type=\"hidden\" name=\"filter_job_type[]\" value=\"\" \/>\n<div class=\"showing_jobs\"><\/div><\/form>\n\n\n<noscript>Tu navegador no es compatible con JavaScript o est\u00e1 desactivado. JavaScript debe estar activado para poder ver las ofertas.<\/noscript>\n<ul class=\"job_listings\">\n<\/ul>\n<a class=\"load_more_jobs\" href=\"#\" style=\"display:none;\"><strong>Cargar m\u00e1s ofertas<\/strong><\/a><\/div>\n<\/div>\n<p>[\/et_pb_text][\/et_pb_column][\/et_pb_row][\/et_pb_section]<\/p>\n","protected":false},"excerpt":{"rendered":"<p>[et_pb_section fb_built=\u00bb1&#8243; background_color=\u00bb#4691d3&#8243; next_background_color=\u00bb#ffffff\u00bb _builder_version=\u00bb3.0.106&#8243; background_image=\u00bbhttps:\/\/flowtecmig.wpengine.com\/wp-content\/uploads\/2018\/04\/flow-control-header.jpg\u00bb background_blend=\u00bbmultiply\u00bb custom_padding=\u00bb140px|||\u00bb bottom_divider_style=\u00bbslant2&#8243; bottom_divider_height=\u00bb50px\u00bb module_class=\u00bbmarkets-header\u00bb][et_pb_row custom_padding=\u00bb0|0px|0|0px\u00bb _builder_version=\u00bb3.0.47&#8243; background_size=\u00bbinitial\u00bb background_position=\u00bbtop_left\u00bb background_repeat=\u00bbrepeat\u00bb][et_pb_column type=\u00bb4_4&#8243; _builder_version=\u00bb3.0.47&#8243; parallax=\u00bboff\u00bb parallax_method=\u00bbon\u00bb][et_pb_text background_layout=\u00bbdark\u00bb _builder_version=\u00bb3.0.106&#8243; text_font=\u00bb||||||||\u00bb header_font=\u00bb||||||||\u00bb header_font_size=\u00bb50px\u00bb text_orientation=\u00bbcenter\u00bb header_font_size_last_edited=\u00bbon|phone\u00bb header_font_size_tablet=\u00bb35px\u00bb header_font_size_phone=\u00bb35px\u00bb header_2_font=\u00bb||||||||\u00bb header_2_font_size_last_edited=\u00bbon|tablet\u00bb header_2_font_size_phone=\u00bb18px\u00bb header_2_font_size_tablet=\u00bb18px\u00bb] Especialidad de Mercado Flow Control [\/et_pb_text][\/et_pb_column][\/et_pb_row][et_pb_row use_custom_gutter=\u00bbon\u00bb gutter_width=\u00bb2&#8243; _builder_version=\u00bb3.0.106&#8243;][et_pb_column type=\u00bb1_2&#8243; _builder_version=\u00bb3.0.47&#8243; parallax=\u00bboff\u00bb parallax_method=\u00bbon\u00bb][et_pb_button button_url=\u00bb#job-vacancy-enquiry\u00bb button_text=\u00bbEnviar Una Vacante\u00bb button_alignment=\u00bbright\u00bb background_layout=\u00bbdark\u00bb _builder_version=\u00bb3.0.106&#8243; custom_button=\u00bbon\u00bb button_font=\u00bb||||||||\u00bb [&hellip;]<\/p>\n","protected":false},"author":11,"featured_media":0,"parent":0,"menu_order":0,"comment_status":"closed","ping_status":"closed","template":"","meta":{"_et_pb_use_builder":"on","_et_pb_old_content":"","_et_gb_content_width":""},"_links":{"self":[{"href":"https:\/\/flowtec-biotech.com\/es\/wp-json\/wp\/v2\/pages\/2644"}],"collection":[{"href":"https:\/\/flowtec-biotech.com\/es\/wp-json\/wp\/v2\/pages"}],"about":[{"href":"https:\/\/flowtec-biotech.com\/es\/wp-json\/wp\/v2\/types\/page"}],"author":[{"embeddable":true,"href":"https:\/\/flowtec-biotech.com\/es\/wp-json\/wp\/v2\/users\/11"}],"replies":[{"embeddable":true,"href":"https:\/\/flowtec-biotech.com\/es\/wp-json\/wp\/v2\/comments?post=2644"}],"version-history":[{"count":0,"href":"https:\/\/flowtec-biotech.com\/es\/wp-json\/wp\/v2\/pages\/2644\/revisions"}],"wp:attachment":[{"href":"https:\/\/flowtec-biotech.com\/es\/wp-json\/wp\/v2\/media?parent=2644"}],"curies":[{"name":"wp","href":"https:\/\/api.w.org\/{rel}","templated":true}]}}